{"id":265,"date":"2026-01-08T10:23:51","date_gmt":"2026-01-08T09:23:51","guid":{"rendered":"https:\/\/davidetrolton.com\/calendar\/"},"modified":"2026-04-02T10:10:37","modified_gmt":"2026-04-02T08:10:37","slug":"calendar","status":"publish","type":"page","link":"https:\/\/davidetrolton.com\/en\/calendar\/","title":{"rendered":"Calendar"},"content":{"rendered":"<p>[et_pb_section fb_built=&#8221;1&#8243; _builder_version=&#8221;4.25.1&#8243; _module_preset=&#8221;default&#8221; use_background_color_gradient=&#8221;on&#8221; background_color_gradient_stops=&#8221;rgba(0,0,0,0.66) 0%|rgba(0,0,0,0.66) 100%&#8221; background_color_gradient_overlays_image=&#8221;on&#8221; background_image=&#8221;https:\/\/davidetrolton.com\/wp-content\/uploads\/2024\/04\/davide-trolton-orchestra-director-4.jpg&#8221; background_position=&#8221;top_center&#8221; global_colors_info=&#8221;{}&#8221;][et_pb_row _builder_version=&#8221;4.25.1&#8243; _module_preset=&#8221;default&#8221; global_colors_info=&#8221;{}&#8221;][et_pb_column type=&#8221;4_4&#8243; _builder_version=&#8221;4.25.1&#8243; _module_preset=&#8221;default&#8221; global_colors_info=&#8221;{}&#8221;][et_pb_tabs active_tab_background_color=&#8221;RGBA(255,255,255,0)&#8221; inactive_tab_background_color=&#8221;RGBA(255,255,255,0)&#8221; active_tab_text_color=&#8221;#FFFFFF&#8221; _builder_version=&#8221;4.25.1&#8243; _module_preset=&#8221;default&#8221; tab_text_color=&#8221;#aaaaaa&#8221; body_text_color=&#8221;#FFFFFF&#8221; tab_font=&#8221;||on||||||&#8221; tab_font_size=&#8221;16px&#8221; body_link_font=&#8221;|700|on||on||||&#8221; body_link_text_color=&#8221;#FFFFFF&#8221; background_color=&#8221;RGBA(255,255,255,0)&#8221; hover_enabled=&#8221;0&#8243; custom_css_free_form=&#8221;\/* Rimuove linea inferiore delle tab *\/||.et_pb_tabs_controls {||    border-bottom: none !important;||}||||\/* Rimuove eventuali pseudo-elementi *\/||.et_pb_tabs_controls:after,||.et_pb_tabs_controls:before {||    display: none !important;||}||||\/* Centra l&#8217;intero gruppo di tab *\/||.et_pb_tabs_controls {||    display: flex !important;||    justify-content: center !important;||}||&#8221; custom_css_tabs_controls=&#8221;background: none;||&#8221; custom_css_tab=&#8221;border: none;&#8221; custom_css_active_tab=&#8221;border: none;&#8221; custom_css_tabs_content=&#8221;border: none;&#8221; border_width_all=&#8221;0px&#8221; global_colors_info=&#8221;{}&#8221; sticky_enabled=&#8221;0&#8243;][et_pb_tab title=&#8221;2026&#8243; _builder_version=&#8221;4.25.1&#8243; _module_preset=&#8221;default&#8221; hover_enabled=&#8221;0&#8243; global_colors_info=&#8221;{}&#8221; sticky_enabled=&#8221;0&#8243;]<\/p>\n<p><strong>11 January 2026<\/strong><\/p>\n<p>RNCM String Orchestra<\/p>\n<p>Bacewicz \u2013 Concerto for String Orchestra <br \/>Lancen \u2013 Concerto for Double Bass and Strings <br \/>Vaughan Williams \u2013\u202fFantasia on a Theme by Thomas Tallis <br \/>Schoenberg \u2013\u202fVerkl\u00e4rte Nacht\u202fop. 4<\/p>\n<p>Th\u00e9otime Voisin, double bass<\/p>\n<p>RNCM Concert Hall, Manchester, UK<\/p>\n<p><a href=\"https:\/\/www.rncm.ac.uk\/performance\/rncm-string-orchestra\/\">&gt; Info<\/a><\/p>\n<p>&nbsp;<\/p>\n<p><strong>25 January 2026<\/strong><\/p>\n<p>Roma Tre Orchestra<\/p>\n<p>Ceccarelli \u2013\u202fPolaris, Sinfonia concertante No. 1 for double bass and orchestra <br \/>Prokofiev \u2013 Symphony No. 7 in C-sharp minor op. 131  <\/p>\n<p>Alberto Bocini, double bass<\/p>\n<p>Teatro Palladium, Roma, IT<\/p>\n<p><a href=\"https:\/\/www.classicalive.it\/it\/eventi\/2026-01-25\/roma-tre-orchestra-davide-trolton-alberto-bocini\/\">&gt; Info<\/a><\/p>\n<p>&nbsp;<\/p>\n<p><strong>1 February 2026<\/strong><\/p>\n<p>Crosby Symphony Orchestra<\/p>\n<p>Mendelssohn \u2013 Overture\u202fThe Fair Melusine <br \/>Mendelssohn \u2013 Violin Concerto <br \/>Beethoven \u2013 Symphony No. 7<\/p>\n<p>Leo Behrend, violin<\/p>\n<p>St Faith\u2019s, Crosby, UK<\/p>\n<p><a href=\"https:\/\/www.crosbysymphony.org.uk\/Season\/Season.html\">&gt; Info<\/a><\/p>\n<p>&nbsp;<\/p>\n<p><strong>11\u201315 February 2026<\/strong><\/p>\n<p>FORM \u2013 Orchestra Filarmonica Marchigiana<\/p>\n<p>Dardust \u2013 Suite for piano and orchestra <br \/>Mozart \u2013 Overture\u202fLe nozze di Figaro <br \/>Mozart \u2013 Symphony No. 40 in G minor K 550 <\/p>\n<p>Dardust, piano<\/p>\n<p>Aula Magna d&#8217;Ateneo &#8220;Guido Bossi&#8221;, Ancona, IT (12 February)<\/p>\n<p>Teatro Ventidio Basso, Ascoli Piceno, IT (13 February)<\/p>\n<p>Teatro Sperimentale, Pesaro, IT (14 February)<\/p>\n<p>Teatro dell\u2019Aquila, Fermo, IT (15 February)<\/p>\n<p><a href=\"https:\/\/www.filarmonicamarchigiana.com\/stagione\/2026\/sinfonica\/dardust-e-la-form\/gio-12-feb-2026-ancona-aula-magna\/\">&gt; Info<\/a><\/p>\n<p>&nbsp;<\/p>\n<p><strong>10\u201314 March 2026<\/strong><\/p>\n<p>Op\u00e9ra Royal de Wallonie-Li\u00e8ge | Masterclass<\/p>\n<p>Bellini \u2013\u202fI puritani, Act I <br \/>Bizet \u2013\u202fCarmen, Act IV <br \/>Donizetti \u2013\u202fL\u2019elisir d\u2019amore, Act I <br \/>Verdi \u2013\u202fMacbeth, Act I <br \/>Mozart \u2013 Ouverture\u202fDie Zauberfl\u00f6te <br \/>Bellini \u2013 Ouverture\u202fI Capuleti e i Montecchi <br \/>Donizetti \u2013 Ouverture\u202fDon Pasquale <br \/>Verdi \u2013 Ouverture\u202fLuisa Miller<\/p>\n<p>Op\u00e9ra Royal de Wallonie-Li\u00e8ge, Li\u00e8ge, BE<\/p>\n<p><a href=\"https:\/\/www.operaliege.be\/en\/events\/masterclass-concert-2026\/\">&gt; Info<\/a><\/p>\n<p>&nbsp;<\/p>\n<p><strong>23 April 2026<\/strong><\/p>\n<p>Filarmonica de Stat T\u00e2rgu Mure\u0219<\/p>\n<p>Programme to be announced<\/p>\n<p>16 May 2026<\/p>\n<p>Stockport Symphony Orchestra<\/p>\n<p>Vaughan Williams \u2013\u202fFive Variants on \u201cDives and Lazarus\u201d <br \/>Cosma \u2013 Concerto for Euphonium and Orchestra <br \/>Wagner \u2013 Overture from\u202fRienzi <br \/>Tchaikovsky \u2013\u202fSwan Lake, Suite<\/p>\n<p>Daniel Hohm, euphonium<\/p>\n<p>Stockport Town Hall, Stockport, UK<\/p>\n<p><a href=\"https:\/\/www.stockportsymphony.co.uk\/page33.html\">&gt; Info<\/a><\/p>\n<p><strong>Further concerts to be announced<\/strong><\/p>\n<p>[\/et_pb_tab][et_pb_tab title=&#8221;2025&#8243; _builder_version=&#8221;4.25.1&#8243; _module_preset=&#8221;default&#8221; global_colors_info=&#8221;{}&#8221;]<\/p>\n<p><strong>3\u20136 April 2025<\/strong><\/p>\n<p>Orchestra Filarmonica Marchigiana<\/p>\n<p>Beethoven \u2013 Violin Concerto in D major op. 61 <br \/>Beethoven \u2013 Symphony No. 2 in D major op. 36 <\/p>\n<p>Anna Tifu, violin<\/p>\n<p>Teatro Pergolesi, Jesi, IT (3 April) <br \/>Teatro della Fortuna, Fano, IT (4 April) <br \/>Teatro Gentile, Fabriano, IT (5 April) <br \/>Teatro La Perla, Montegranaro, IT (6 April)<\/p>\n<p><a href=\"https:\/\/www.filarmonicamarchigiana.com\/stagione\/2025\/sinfonica\/anna-tifu-suona-beethoven\/gio-3-apr-2025-jesi\/\" target=\"_blank\" rel=\"noopener\">&gt; Info<\/a><\/p>\n<p>&nbsp;<\/p>\n<p><strong>16 April 2025<\/strong><\/p>\n<p>I Solisti Aquilani<\/p>\n<p>Bottesini \u2013\u202fGran Duo Concertante\u202ffor violin, double bass and strings <br \/>Bottesini \u2013\u202fElegy and Tarantella\u202ffor double bass and strings <br \/>Scarlatti \u2013\u202fLittle Suite\u202ffor strings and basso continuo <br \/>Scarlatti \u2013 Concerti grossi Nos. 2 and 3 for strings and harpsichord  <\/p>\n<p>Kim Min Chul, double bass | Davide Moro, violin<\/p>\n<p>Auditorium del Parco, L\u2019Aquila, IT<\/p>\n<p><a href=\"https:\/\/www.solistiaquilani.it\/concerti\/da-bottesini-a-scarlatti\/\" target=\"_blank\" rel=\"noopener\">&gt; Info<\/a><\/p>\n<p>&nbsp;<\/p>\n<p><strong>15 July 2025<\/strong><\/p>\n<p>ORT Orchestra della Toscana<\/p>\n<p>Grieg \u2013\u202fMorning Mood\u202ffrom\u202fPeer Gynt <br \/>Honegger \u2013\u202fPastorale d\u2019\u00e9t\u00e9 <br \/>Haydn \u2013 Symphony No. 92 in G major \u201cOxford\u201d <\/p>\n<p>Sonia Bergamasco, narrator<\/p>\n<p>Abbazia di San Galgano, Chiusdino, IT<\/p>\n<p><a href=\"https:\/\/entroterrefestival.it\/eventi\/esiste-un-fiore-strano\/\">&gt; Info<\/a><\/p>\n<p>&nbsp;<\/p>\n<p><strong>26 July 2025<\/strong><\/p>\n<p>Accademia Musicale Chigiana<\/p>\n<p>Mozart \u2013 Overture\u202fThe Magic Flute <br \/>Hindemith \u2013\u202fNobilissima visione <br \/>Beethoven \u2013 Symphony No. 7 in A major op. 92 <\/p>\n<p>Teatro dei Rinnovati, Siena, IT<\/p>\n<p><a href=\"https:\/\/www.chigiana.org\/pf\/26-luglio-2025-2\/\">&gt; Info<\/a><\/p>\n<p>&nbsp;<\/p>\n<p><strong>2 August 2025<\/strong><\/p>\n<p>Accademia Musicale Chigiana<\/p>\n<p>Debussy \u2013\u202fPr\u00e9lude \u00e0 l\u2019apr\u00e8s-midi d\u2019un faune <br \/>Boulez \u2013\u202fDomaines <br \/>Wagner \u2013 Prelude from\u202fTristan und Isolde <br \/>Brahms \u2013 Symphony No. 4 in E minor op. 98 <\/p>\n<p>Teatro dei Rinnovati, Siena, IT<\/p>\n<p><a href=\"https:\/\/www.chigiana.org\/pf\/2-agosto-2025-2\/\">&gt; Info<\/a><\/p>\n<p>&nbsp;<\/p>\n<p><strong>12 October 2025<\/strong><\/p>\n<p>Royal Northern College of Music Orchestra<\/p>\n<p>\u010cajkovskij \u2013\u202fSleeping Beauty, suite op. 66a<\/p>\n<p>RNCM, Manchester, UK<\/p>\n<p>13\u201319 October 2025<\/p>\n<p>Royal Liverpool Philharmonic Orchestra, Vasily Petrenko<\/p>\n<p>Davide Trolton, assistant conductor<\/p>\n<p>Liadov \u2013\u202fBaba Yaga <br \/>Haydn \u2013 Cello Concerto in D major (Victor Julien-Laferri\u00e8re, cello) <br \/>Shostakovich \u2013 Symphony No. 7 in C major \u201cLeningrad\u201d <\/p>\n<p>Liverpool Philharmonic Hall, Liverpool, UK<\/p>\n<p>Bristol Beacon, Bristol, UK<\/p>\n<p><a href=\"https:\/\/liverpoolphil.com\/whats-on\/classical-music\/shostakovich-symphony-no7\/9533\">&gt; Info<\/a><\/p>\n<p>&nbsp;<\/p>\n<p><strong>28 October 2025<\/strong><\/p>\n<p>De Sono \u2013 Associazione per la musica ETS<\/p>\n<p>Berio \u2013\u202fFolk Songs <br \/>Andrea Ravizza \u2013 arrangements and readings from\u202fIl partigiano Johnny\u202fby Beppe Fenoglio<\/p>\n<p>Turin, IT<\/p>\n<p><a href=\"https:\/\/www.desono.it\/concerts\/canzoni-popolari-e-della-resistenza\/\">&gt; Info<\/a><\/p>\n<p>&nbsp;<\/p>\n<p><strong>8 November 2025<\/strong><\/p>\n<p>Orchestra Sinfonica di Milano<\/p>\n<p>Prokofiev \u2013\u202fPeter and the Wolf\u202fop. 67 67<\/p>\n<p>Angela Finocchiaro, narrator<\/p>\n<p>Auditorium di Milano Fondazione Cariplo, Milano, IT<\/p>\n<p><a href=\"https:\/\/sinfonicadimilano.org\/it\/eventi\/2025-26\/pierino-e-il-lupo\">&gt; Info<\/a><\/p>\n<p>&nbsp;<\/p>\n<p><strong>13-15 November 2025<\/strong><\/p>\n<p>RNCM Chamber Choir<\/p>\n<p>Jamie Powe -\u202fNew Moon <br \/>Jonathan Dove &#8211; The Passing of the Year <br \/>Edward Elgar &#8211; There is Sweet Music\u202fOp. 54 n. 1 <br \/>Rebecca Dale -\u202fIn Paradisum\u202fda\u202fMaterna Requiem<\/p>\n<p>RNCM Concert Hall, Manchester, UK<\/p>\n<p><a href=\"https:\/\/www.rncm.ac.uk\/performance\/thursday-lunchtimes-rncm-chamber-choir\/\">&gt; Info<\/a><\/p>\n<p>&nbsp;<\/p>\n<p><strong>4 Dicember 2025<\/strong><\/p>\n<p>Royal Northern College of Music Orchestra<\/p>\n<p>Open rehearsal and final performance<\/p>\n<p>Copland \u2013\u202fAppalachian Spring, Suite <br \/>Boulanger \u2013\u202fD\u2019un matin de printemps<\/p>\n<p>RNCM, Manchester, UK<\/p>\n<p>[\/et_pb_tab][et_pb_tab title=&#8221;2024&#8243; _builder_version=&#8221;4.25.1&#8243; _module_preset=&#8221;default&#8221; global_colors_info=&#8221;{}&#8221;]<\/p>\n<p><strong>8\u201312 April 2024<\/strong><\/p>\n<p>2nd International Erich Bergel Competition<\/p>\n<p>First Prize<\/p>\n<p>T\u00e2rgu Mure\u0219, RO<\/p>\n<p><strong><\/strong><\/p>\n<p><strong>9 May 2024<\/strong><\/p>\n<p>Orchestra Senzaspine<\/p>\n<p>Beethoven \u2013 Triple Concerto for violin, cello and piano op. 56<\/p>\n<p>Mendelssohn \u2013 Overture\u202fThe Hebrides\u202fop. 26v<\/p>\n<p>Brahms \u2013 Variations on a Theme by Haydn op. 56a<\/p>\n<p>Daniele Negrini, violin | Tiziano Guerzoni, cello | Pietro Beltrani, piano<\/p>\n<p>Sala Bossi, Bologna, IT<\/p>\n<p><a href=\"https:\/\/www.senzaspine.org\/eventi\/concerto-per-l85-anniversario-di-avis-comunale-bologna\" target=\"_blank\" rel=\"noopener\">&gt; Info<\/a><\/p>\n<p><strong><\/strong><\/p>\n<p><strong>8 July 2024<\/strong><\/p>\n<p>Accademia Musicale Chigiana<\/p>\n<p>Beethoven \u2013\u202fEgmont\u202fOverture op. 84 <br \/>Brahms \u2013 Serenade in D major op. 11<\/p>\n<p>Teatro dei Rozzi, Siena, IT<\/p>\n<p><a href=\"https:\/\/www.chigiana.org\/pf\/8-luglio-2024\/\" target=\"_blank\" rel=\"noopener\">&gt; Info<\/a><\/p>\n<p><strong><\/strong><\/p>\n<p><strong>20 July 2024<\/strong><\/p>\n<p>Accademia Musicale Chigiana<\/p>\n<p>Donizetti &#8211; Don Pasquale<\/p>\n<p>Lorenzo Mariani, stage director | cast in collaboration with the Accademia del<\/p>\n<p>Maggio Musicale Fiorentino<\/p>\n<p>Teatro dei Rinnovati, Siena, IT<\/p>\n<p><a href=\"https:\/\/www.chigiana.org\/pf\/20-luglio-2024\/\" target=\"_blank\" rel=\"noopener\">&gt; Info<\/a><\/p>\n<p><strong><\/strong><\/p>\n<p><strong>28 July 2024<\/strong><\/p>\n<p>Accademia Musicale Chigiana<\/p>\n<p>Beethoven \u2013\u202fCoriolan\u202fOverture in C minor op. 62 <br \/>Stravinsky \u2013\u202fDumbarton Oaks, Concerto in E-flat major <br \/>Ligeti \u2013\u202fRamifications <br \/>Beethoven \u2013 Symphony No. 2 in D major op. 36 <br \/>Ravel \u2013\u202fMa M\u00e8re l\u2019Oye   <\/p>\n<p>Teatro dei Rinnovati, Siena, IT<\/p>\n<p><a href=\"https:\/\/www.chigiana.org\/pf\/28-luglio-2024\/\" target=\"_blank\" rel=\"noopener\">&gt; Info<\/a><\/p>\n<p><strong><\/strong><\/p>\n<p><strong>17 October 2024<\/strong><\/p>\n<p>Orchestra Senzaspine<\/p>\n<p>Mozart \u2013 Symphony No. 35 in D major K 385 \u201cHaffner\u201d <br \/>Schumann \u2013\u202fHermann und Dorothea\u202fOverture op. 136 <br \/>Mendelssohn \u2013 Symphony No. 4 in A major op. 90 \u201cItalian\u201d   <\/p>\n<p>Sala Bossi, Bologna, IT<\/p>\n<p><strong><\/strong><\/p>\n<p><strong>9-10 November 2024<\/strong><\/p>\n<p>Istituzione Sinfonica Abruzzese<\/p>\n<p>Brahms \u2013 Serenade No. 2 in A major op. 16 <br \/>Dvo\u0159\u00e1k \u2013 Serenade in D major for winds op. 44 <\/p>\n<p>Ridotto del Teatro Comunale \u201cV. Antonellini\u201d, L\u2019Aquila, IT (9 november)<\/p>\n<p>Auditorium Centro Congressi Salinello Village, Tortoreto, IT (10 november)<\/p>\n<p><a href=\"https:\/\/sinfonicaabruzzese.eu\/eventi\/brahms-dvorak-serenades\/\" target=\"_blank\" rel=\"noopener\">&gt; Info<\/a><\/p>\n<p><strong><\/strong><\/p>\n<p><strong>20 Dicember 2024<\/strong><\/p>\n<p>OPV Orchestra di Padova e del Veneto<\/p>\n<p>Mozart \u2013 Overture and arias from the opera\u202fDon Giovanni <br \/>Mozart \u2013 Piano Concerto No. 27 K 595 <br \/>Beethoven \u2013 Symphony No. 8 op. 93  <\/p>\n<p>Silvia Dalla Benetta, soprano | Antonio Camponogara,\u202fpiano<\/p>\n<p>Teatro Mattarello, Arzignano, Italia<\/p>\n<p><a href=\"https:\/\/www.opvorchestra.it\/calendario\/2024\/12\/20\/2209\/\" target=\"_blank\" rel=\"noopener\">&gt; Info<\/a><\/p>\n<p>[\/et_pb_tab][\/et_pb_tabs][\/et_pb_column][\/et_pb_row][\/et_pb_section]<\/p>\n","protected":false},"excerpt":{"rendered":"<p>11 January 2026 RNCM String Orchestra Bacewicz \u2013 Concerto for String Orchestra Lancen \u2013 Concerto for Double Bass and Strings Vaughan Williams \u2013\u202fFantasia on a Theme by Thomas Tallis Schoenberg \u2013\u202fVerkl\u00e4rte Nacht\u202fop. 4 Th\u00e9otime Voisin, double bass RNCM Concert Hall, Manchester, UK &gt; Info &nbsp; 25 January 2026 Roma Tre Orchestra Ceccarelli \u2013\u202fPolaris, Sinfonia concertante [&hellip;]<\/p>\n","protected":false},"author":1,"featured_media":0,"parent":0,"menu_order":0,"comment_status":"closed","ping_status":"closed","template":"","meta":{"_et_pb_use_builder":"on","_et_pb_old_content":"","_et_gb_content_width":"","footnotes":""},"class_list":["post-265","page","type-page","status-publish","hentry"],"yoast_head":"<!-- This site is optimized with the Yoast SEO plugin v27.2 - https:\/\/yoast.com\/product\/yoast-seo-wordpress\/ -->\n<title>Concert Schedule - Davide Trolton - Direttore d&#039;Orchestra<\/title>\n<meta name=\"description\" content=\"Check out Davide Trolton\u2019s concert calendar and don\u2019t miss the upcoming events: all the dates, times, and updated lineups.\" \/>\n<meta name=\"robots\" content=\"index, follow, max-snippet:-1, max-image-preview:large, max-video-preview:-1\" \/>\n<link rel=\"canonical\" href=\"https:\/\/davidetrolton.com\/en\/calendar\/\" \/>\n<meta property=\"og:locale\" content=\"en_US\" \/>\n<meta property=\"og:type\" content=\"article\" \/>\n<meta property=\"og:title\" content=\"Concert Schedule - Davide Trolton - Direttore d&#039;Orchestra\" \/>\n<meta property=\"og:description\" content=\"Check out Davide Trolton\u2019s concert calendar and don\u2019t miss the upcoming events: all the dates, times, and updated lineups.\" \/>\n<meta property=\"og:url\" content=\"https:\/\/davidetrolton.com\/en\/calendar\/\" \/>\n<meta property=\"og:site_name\" content=\"Davide Trolton - Direttore d&#039;Orchestra\" \/>\n<meta property=\"article:modified_time\" content=\"2026-04-02T08:10:37+00:00\" \/>\n<meta name=\"twitter:card\" content=\"summary_large_image\" \/>\n<meta name=\"twitter:label1\" content=\"Est. reading time\" \/>\n\t<meta name=\"twitter:data1\" content=\"6 minutes\" \/>\n<script type=\"application\/ld+json\" class=\"yoast-schema-graph\">{\"@context\":\"https:\/\/schema.org\",\"@graph\":[{\"@type\":\"WebPage\",\"@id\":\"https:\/\/davidetrolton.com\/en\/calendar\/\",\"url\":\"https:\/\/davidetrolton.com\/en\/calendar\/\",\"name\":\"Concert Schedule - Davide Trolton - Direttore d&#039;Orchestra\",\"isPartOf\":{\"@id\":\"https:\/\/davidetrolton.com\/en\/#website\"},\"datePublished\":\"2026-01-08T09:23:51+00:00\",\"dateModified\":\"2026-04-02T08:10:37+00:00\",\"description\":\"Check out Davide Trolton\u2019s concert calendar and don\u2019t miss the upcoming events: all the dates, times, and updated lineups.\",\"breadcrumb\":{\"@id\":\"https:\/\/davidetrolton.com\/en\/calendar\/#breadcrumb\"},\"inLanguage\":\"en-US\",\"potentialAction\":[{\"@type\":\"ReadAction\",\"target\":[\"https:\/\/davidetrolton.com\/en\/calendar\/\"]}]},{\"@type\":\"BreadcrumbList\",\"@id\":\"https:\/\/davidetrolton.com\/en\/calendar\/#breadcrumb\",\"itemListElement\":[{\"@type\":\"ListItem\",\"position\":1,\"name\":\"Home\",\"item\":\"https:\/\/davidetrolton.com\/en\/\"},{\"@type\":\"ListItem\",\"position\":2,\"name\":\"Calendar\"}]},{\"@type\":\"WebSite\",\"@id\":\"https:\/\/davidetrolton.com\/en\/#website\",\"url\":\"https:\/\/davidetrolton.com\/en\/\",\"name\":\"Davide Trolton - Direttore d&#039;Orchestra\",\"description\":\"\",\"potentialAction\":[{\"@type\":\"SearchAction\",\"target\":{\"@type\":\"EntryPoint\",\"urlTemplate\":\"https:\/\/davidetrolton.com\/en\/?s={search_term_string}\"},\"query-input\":{\"@type\":\"PropertyValueSpecification\",\"valueRequired\":true,\"valueName\":\"search_term_string\"}}],\"inLanguage\":\"en-US\"}]}<\/script>\n<!-- \/ Yoast SEO plugin. -->","yoast_head_json":{"title":"Concert Schedule - Davide Trolton - Direttore d&#039;Orchestra","description":"Check out Davide Trolton\u2019s concert calendar and don\u2019t miss the upcoming events: all the dates, times, and updated lineups.","robots":{"index":"index","follow":"follow","max-snippet":"max-snippet:-1","max-image-preview":"max-image-preview:large","max-video-preview":"max-video-preview:-1"},"canonical":"https:\/\/davidetrolton.com\/en\/calendar\/","og_locale":"en_US","og_type":"article","og_title":"Concert Schedule - Davide Trolton - Direttore d&#039;Orchestra","og_description":"Check out Davide Trolton\u2019s concert calendar and don\u2019t miss the upcoming events: all the dates, times, and updated lineups.","og_url":"https:\/\/davidetrolton.com\/en\/calendar\/","og_site_name":"Davide Trolton - Direttore d&#039;Orchestra","article_modified_time":"2026-04-02T08:10:37+00:00","twitter_card":"summary_large_image","twitter_misc":{"Est. reading time":"6 minutes"},"schema":{"@context":"https:\/\/schema.org","@graph":[{"@type":"WebPage","@id":"https:\/\/davidetrolton.com\/en\/calendar\/","url":"https:\/\/davidetrolton.com\/en\/calendar\/","name":"Concert Schedule - Davide Trolton - Direttore d&#039;Orchestra","isPartOf":{"@id":"https:\/\/davidetrolton.com\/en\/#website"},"datePublished":"2026-01-08T09:23:51+00:00","dateModified":"2026-04-02T08:10:37+00:00","description":"Check out Davide Trolton\u2019s concert calendar and don\u2019t miss the upcoming events: all the dates, times, and updated lineups.","breadcrumb":{"@id":"https:\/\/davidetrolton.com\/en\/calendar\/#breadcrumb"},"inLanguage":"en-US","potentialAction":[{"@type":"ReadAction","target":["https:\/\/davidetrolton.com\/en\/calendar\/"]}]},{"@type":"BreadcrumbList","@id":"https:\/\/davidetrolton.com\/en\/calendar\/#breadcrumb","itemListElement":[{"@type":"ListItem","position":1,"name":"Home","item":"https:\/\/davidetrolton.com\/en\/"},{"@type":"ListItem","position":2,"name":"Calendar"}]},{"@type":"WebSite","@id":"https:\/\/davidetrolton.com\/en\/#website","url":"https:\/\/davidetrolton.com\/en\/","name":"Davide Trolton - Direttore d&#039;Orchestra","description":"","potentialAction":[{"@type":"SearchAction","target":{"@type":"EntryPoint","urlTemplate":"https:\/\/davidetrolton.com\/en\/?s={search_term_string}"},"query-input":{"@type":"PropertyValueSpecification","valueRequired":true,"valueName":"search_term_string"}}],"inLanguage":"en-US"}]}},"_links":{"self":[{"href":"https:\/\/davidetrolton.com\/en\/wp-json\/wp\/v2\/pages\/265","targetHints":{"allow":["GET"]}}],"collection":[{"href":"https:\/\/davidetrolton.com\/en\/wp-json\/wp\/v2\/pages"}],"about":[{"href":"https:\/\/davidetrolton.com\/en\/wp-json\/wp\/v2\/types\/page"}],"author":[{"embeddable":true,"href":"https:\/\/davidetrolton.com\/en\/wp-json\/wp\/v2\/users\/1"}],"replies":[{"embeddable":true,"href":"https:\/\/davidetrolton.com\/en\/wp-json\/wp\/v2\/comments?post=265"}],"version-history":[{"count":17,"href":"https:\/\/davidetrolton.com\/en\/wp-json\/wp\/v2\/pages\/265\/revisions"}],"predecessor-version":[{"id":297,"href":"https:\/\/davidetrolton.com\/en\/wp-json\/wp\/v2\/pages\/265\/revisions\/297"}],"wp:attachment":[{"href":"https:\/\/davidetrolton.com\/en\/wp-json\/wp\/v2\/media?parent=265"}],"curies":[{"name":"wp","href":"https:\/\/api.w.org\/{rel}","templated":true}]}}