{"id":217,"date":"2024-04-15T15:16:38","date_gmt":"2024-04-15T13:16:38","guid":{"rendered":"https:\/\/davidetrolton.com\/privacy-policy\/"},"modified":"2024-06-11T09:12:34","modified_gmt":"2024-06-11T07:12:34","slug":"privacy-policy","status":"publish","type":"page","link":"https:\/\/davidetrolton.com\/en\/privacy-policy\/","title":{"rendered":"Privacy Policy"},"content":{"rendered":"&#13;\n<p>Il Regolamento Europeo n.679\/2016 (di seguito anche GDPR), applicabile in tutti gli Stati Membri, riconosce ad ogni soggetto la tutela dei propri dati personali che siano oggetto di trattamento da parte di terzi, come espressione del rispetto della dignit\u00e0 umana e dei diritti e libert\u00e0 fondamentali della persona.<\/p>&#13;\n<p>Sulla base delle previsioni del suddetto Regolamento desideriamo informare gli utenti che navigano su questo sito che il trattamento dei dati verr\u00e0 effettuato nel pieno rispetto dei principi di liceit\u00e0, correttezza, pertinenza, proporzionalit\u00e0 e trasparenza e di tutela della riservatezza dei dati e diritti in conformit\u00e0 a quanto previsto da dette disposizioni di legge.<\/p>&#13;\n<h3 class=\"wp-block-heading\">Who is the Data Controller of your personal data?<\/h3>&#13;\n<p>Il Titolare del trattamento dei dati \u00e8 <strong>Davide Trolton.<\/strong><\/p>&#13;\n<p>I recapiti per mettersi in contatto con sono i seguenti:<\/p>&#13;\n<ul><li>Email: info@davidetrolton.com<\/li>&#13;\n<\/ul><h3>What personal data are processed?<\/h3>&#13;\n<p>I Dati Personali, intesi come qualunque informazione ci permetta di indentificarla, raccolti dal nostro sito, sono i seguenti:<\/p>&#13;\n<ul><li><strong>Dati identificativi provenienti dai form di contatto del sito web.\u00a0<\/strong>In quanto Utente pu\u00f2 fornirci dati, compresi quelli che permettono la Sua identificazione, quando venga fatta richiesta di contatto. La confidenzialit\u00e0 del dato \u00e8 garantita dall\u2019utilizzo di chiave asimmetrica ssl.<\/li>&#13;\n<\/ul><p><strong>Facoltativit\u00e0 del conferimento dei dati<\/strong><\/p>&#13;\n<p>Gli utenti\/visitatori sono liberi di fornire i propri dati personali. Il loro mancato conferimento pu\u00f2 comportare unicamente l\u2019impossibilit\u00e0 di ottenere quanto richiesto.<\/p>&#13;\n<h3>What are the purposes and legal basis of the processing of your personal data?<\/h3>&#13;\n<p>Registriamo, archiviamo ed usiamo i dati identificativi e di contatto e tutte le informazioni raccolte all\u2019interno dell\u2019e-mail, per le seguenti finalit\u00e0:<\/p>&#13;\n<ul><li>Rispondere ad una sua richiesta di contatto per informazioni di suo interesse;<\/li>&#13;\n<li>Adempiere ad obblighi normativi, regolamentari e fiscali connessi al rapporto contrattuale;<\/li>&#13;\n<\/ul><p>Il trattamento dei dati personali \u00e8 lecito solo se sussiste una base giuridica. Per i trattamenti dei Suoi dati personali le basi giuridiche sono:<\/p>&#13;\n<ul><li>Adempimento di obblighi contrattuali \u2013 art.6.1 lett. b del GDPR Il trattamento si basa sull\u2019esecuzione di un contratto con l\u2019Utente e all\u2019esecuzione di misure precontrattuali;<\/li>&#13;\n<li>Obblighi di legge- art. 6.1 lett. c del GDPR Il trattamento si basa su un obbligo legale al quale \u00e8 soggetto il Titolare;<\/li>&#13;\n<\/ul><h3>What are the treatment modalities?<\/h3>&#13;\n<p>ll trattamento viene effettuato attraverso strumenti automatizzati (ad es. utilizzando procedure e supporti elettronici) e\/o manualmente (ad es. su supporto cartaceo) per il tempo strettamente necessario a conseguire gli scopi per i quali i dati sono stati raccolti e, comunque, in conformit\u00e0 alle disposizioni normative vigenti in materia.<\/p>&#13;\n<h3>What security measures have been taken?<\/h3>&#13;\n<p>I dati degli utenti sono trattati in modo lecito e corretto, adottando le opportune misure di sicurezza volte ad impedire accessi non autorizzati, divulgazione, modifica o distruzione non autorizzata dei dati.<\/p>&#13;\n<h3>To whom is personal data collected disclosed?<\/h3>&#13;\n<p>Il trattamento dei dati raccolti \u00e8 effettuato da personale dipendente, a tal fine individuato ed autorizzato al trattamento secondo specifiche istruzioni impartite nel rispetto della normativa applicabile o, se del caso, a societ\u00e0 terze o altri soggetti che svolgono attivit\u00e0 in outsourcing per conto del Titolare, nella loro qualit\u00e0 di responsabili esterni del trattamento.<\/p>&#13;\n<h3>Where will your personal data be processed?<\/h3>&#13;\n<p>I Suoi dati personali saranno trattati dal Titolare all\u2019interno del territorio dell\u2019Unione Europea.<\/p>&#13;\n<h3>How long do we store your personal data?<\/h3>&#13;\n<p>I dati personali da lei forniti saranno trattati per il tempo necessario ad evadere le richieste e per le finalit\u00e0 per cui sono stati trattati. Per nostra gestione interna, qualora il dato non fosse pi\u00f9 necessario, procederemo alla cancellazione dello stesso dai nostri database, seguendo i termini prescrizionali previsti dalla normativa di riferimento.<\/p>&#13;\n<h3>What rights can be exercised regarding the processing of personal data?<\/h3>&#13;\n<p>Gli interessati possono esercitare i seguenti diritti:<\/p>&#13;\n<p><strong>DIRITTO DI ACCESSO \u2013 art. 15 GDPR<\/strong>\u00a0Diritto di ottenere la conferma che sia o meno in corso, da parte dello studio un trattamento di dati personali che la riguardano e, in caso affermativo, di ottenere l\u2019accesso alle informazioni raccolte.<\/p>&#13;\n<p><strong>DIRITTO DI RETTIFICA \u2013 art. 16 GDPR<\/strong>\u00a0Diritto di ottenere la modifica e l\u2019aggiornamento dei dati personali senza ingiustificato ritardo da parte nostra.<\/p>&#13;\n<p><strong>DIRITTO ALLA CANCELLAZIONE DEI DATI PERSONALI \u2013 art. 17 GDPR<\/strong>\u00a0Diritto di ottenere la cancellazione dei dati personali che la riguardano senza ingiustificato ritardo, se sussiste uno dei seguenti motivi:<\/p>&#13;\n<ul><li>I dati non sono pi\u00f9 necessari rispetto alle finalit\u00e0 per le quali sono stati precedentemente raccolti;<\/li>&#13;\n<li>Revoca del consenso su cui si basa il trattamento e non sussiste altra base giuridica su cui si fonda il trattamento;<\/li>&#13;\n<li>Opposizione al trattamento e non sussiste altro motivo legittimo per procedere al trattamento;<\/li>&#13;\n<li>I dati sono stati raccolti illecitamente;<\/li>&#13;\n<\/ul><p><strong>DIRITTO DI LIMITAZIONE DEL TRATTAMENTO \u2013 art. 18 GDPR<\/strong>\u00a0In presenza dei presupposti di legge, ottenere la limitazione del trattamento.<\/p>&#13;\n<p><strong>DIRITTO ALLA NOTIFICA \u2013 art. 19 GDPR<\/strong>\u00a0Diritto di ottenere da parte nostra una comunicazione diretta a ciascuno dei destinatari a cui sono stati trasmessi i dati personali, in merito alle richieste di rettifica o cancellazione o limitazione del trattamento.<\/p>&#13;\n<p><strong>DIRITTO ALLA PORTABILITA\u2019 DEI DATI \u2013 art. 20 GDPR<\/strong>\u00a0Diritto di ricevere in un formato leggibile i dati personali che la riguardano e di ottenere da noi la trasmissione diretta di tali dati ad un altro titolare del trattamento, se tecnicamente fattibile.<\/p>&#13;\n<p><strong>DIRITTO DI OPPOSIZIONE -art. 21 GDPR<\/strong>\u00a0Diritto di opporsi in qualsiasi momento al trattamento dei dati personali basati sul nostro legittimo interesse, compresa la profilazione.<\/p>&#13;\n<p><strong>PROCESSO DECISIONALE AUTOMATIZZATO \u2013 art. 22 GDPR<\/strong>\u00a0Diritto di non essere sottoposto a una decisione basata unicamente sul trattamento automatizzato, compresa la profilazione, che produca effetti giuridici che la riguardano o che incida in modo analogo significativamente sulla sua persona.<\/p>&#13;\n<p><strong>RECLAMO ALL\u2019AUTORITA\u2019 DI CONTROLLO- art. 77 GDPR<\/strong>\u00a0Qualora ritenga che il trattamento che lo riguarda violi il presente regolamento ha il diritto di proporre reclamo a all\u2019autorit\u00e0 di controllo (Garante Privacy), segnatamente nello Stato membro in cui risiede abitualmente o del luogo ove si \u00e8 verificata la presunta violazione.<\/p>&#13;\n<h3>How to exercise rights<\/h3>&#13;\n<p>Per esercitare i propri diritti pu\u00f2 indirizzare una richiesta scritta ai riferimenti sopra indicati. Le richieste sono depositate a titolo gratuito ed evase dal Titolare nel pi\u00f9 breve tempo possibile, in ogni caso entro un mese.<\/p>&#13;\n<h3>Update to this privacy policy<\/h3>&#13;\n<p>Il Titolare del Trattamento si riserva il diritto di apportare modifiche alla presente Privacy Policy in qualunque momento dandone informazione agli Utenti su questa pagina.<\/p>&#13;\n<p>&nbsp;<\/p>\n","protected":false},"excerpt":{"rendered":"<p>&#13; Il Regolamento Europeo n.679\/2016 (di seguito anche GDPR), applicabile in tutti gli Stati Membri, riconosce ad ogni soggetto la tutela dei propri dati personali che siano oggetto di trattamento da parte di terzi, come espressione del rispetto della dignit\u00e0 umana e dei diritti e libert\u00e0 fondamentali della persona. &#13; Sulla base delle previsioni del [&hellip;]<\/p>\n","protected":false},"author":1,"featured_media":0,"parent":0,"menu_order":0,"comment_status":"closed","ping_status":"closed","template":"","meta":{"_et_pb_use_builder":"","_et_pb_old_content":"","_et_gb_content_width":"","footnotes":""},"class_list":["post-217","page","type-page","status-publish","hentry"],"yoast_head":"<!-- This site is optimized with the Yoast SEO plugin v27.2 - https:\/\/yoast.com\/product\/yoast-seo-wordpress\/ -->\n<title>Privacy Policy - Davide Trolton - Direttore d&#039;Orchestra<\/title>\n<meta name=\"robots\" content=\"index, follow, max-snippet:-1, max-image-preview:large, max-video-preview:-1\" \/>\n<link rel=\"canonical\" href=\"https:\/\/davidetrolton.com\/en\/privacy-policy\/\" \/>\n<meta property=\"og:locale\" content=\"en_US\" \/>\n<meta property=\"og:type\" content=\"article\" \/>\n<meta property=\"og:title\" content=\"Privacy Policy - Davide Trolton - Direttore d&#039;Orchestra\" \/>\n<meta property=\"og:description\" content=\"&#013; Il Regolamento Europeo n.679\/2016 (di seguito anche GDPR), applicabile in tutti gli Stati Membri, riconosce ad ogni soggetto la tutela dei propri dati personali che siano oggetto di trattamento da parte di terzi, come espressione del rispetto della dignit\u00e0 umana e dei diritti e libert\u00e0 fondamentali della persona. &#013; Sulla base delle previsioni del [&hellip;]\" \/>\n<meta property=\"og:url\" content=\"https:\/\/davidetrolton.com\/en\/privacy-policy\/\" \/>\n<meta property=\"og:site_name\" content=\"Davide Trolton - Direttore d&#039;Orchestra\" \/>\n<meta property=\"article:modified_time\" content=\"2024-06-11T07:12:34+00:00\" \/>\n<meta name=\"twitter:card\" content=\"summary_large_image\" \/>\n<meta name=\"twitter:label1\" content=\"Est. reading time\" \/>\n\t<meta name=\"twitter:data1\" content=\"5 minutes\" \/>\n<script type=\"application\/ld+json\" class=\"yoast-schema-graph\">{\"@context\":\"https:\/\/schema.org\",\"@graph\":[{\"@type\":\"WebPage\",\"@id\":\"https:\/\/davidetrolton.com\/en\/privacy-policy\/\",\"url\":\"https:\/\/davidetrolton.com\/en\/privacy-policy\/\",\"name\":\"Privacy Policy - Davide Trolton - Direttore d&#039;Orchestra\",\"isPartOf\":{\"@id\":\"https:\/\/davidetrolton.com\/en\/#website\"},\"datePublished\":\"2024-04-15T13:16:38+00:00\",\"dateModified\":\"2024-06-11T07:12:34+00:00\",\"breadcrumb\":{\"@id\":\"https:\/\/davidetrolton.com\/en\/privacy-policy\/#breadcrumb\"},\"inLanguage\":\"en-US\",\"potentialAction\":[{\"@type\":\"ReadAction\",\"target\":[\"https:\/\/davidetrolton.com\/en\/privacy-policy\/\"]}]},{\"@type\":\"BreadcrumbList\",\"@id\":\"https:\/\/davidetrolton.com\/en\/privacy-policy\/#breadcrumb\",\"itemListElement\":[{\"@type\":\"ListItem\",\"position\":1,\"name\":\"Home\",\"item\":\"https:\/\/davidetrolton.com\/en\/\"},{\"@type\":\"ListItem\",\"position\":2,\"name\":\"Privacy Policy\"}]},{\"@type\":\"WebSite\",\"@id\":\"https:\/\/davidetrolton.com\/en\/#website\",\"url\":\"https:\/\/davidetrolton.com\/en\/\",\"name\":\"Davide Trolton - Direttore d&#039;Orchestra\",\"description\":\"\",\"potentialAction\":[{\"@type\":\"SearchAction\",\"target\":{\"@type\":\"EntryPoint\",\"urlTemplate\":\"https:\/\/davidetrolton.com\/en\/?s={search_term_string}\"},\"query-input\":{\"@type\":\"PropertyValueSpecification\",\"valueRequired\":true,\"valueName\":\"search_term_string\"}}],\"inLanguage\":\"en-US\"}]}<\/script>\n<!-- \/ Yoast SEO plugin. -->","yoast_head_json":{"title":"Privacy Policy - Davide Trolton - Direttore d&#039;Orchestra","robots":{"index":"index","follow":"follow","max-snippet":"max-snippet:-1","max-image-preview":"max-image-preview:large","max-video-preview":"max-video-preview:-1"},"canonical":"https:\/\/davidetrolton.com\/en\/privacy-policy\/","og_locale":"en_US","og_type":"article","og_title":"Privacy Policy - Davide Trolton - Direttore d&#039;Orchestra","og_description":"&#13; Il Regolamento Europeo n.679\/2016 (di seguito anche GDPR), applicabile in tutti gli Stati Membri, riconosce ad ogni soggetto la tutela dei propri dati personali che siano oggetto di trattamento da parte di terzi, come espressione del rispetto della dignit\u00e0 umana e dei diritti e libert\u00e0 fondamentali della persona. &#13; Sulla base delle previsioni del [&hellip;]","og_url":"https:\/\/davidetrolton.com\/en\/privacy-policy\/","og_site_name":"Davide Trolton - Direttore d&#039;Orchestra","article_modified_time":"2024-06-11T07:12:34+00:00","twitter_card":"summary_large_image","twitter_misc":{"Est. reading time":"5 minutes"},"schema":{"@context":"https:\/\/schema.org","@graph":[{"@type":"WebPage","@id":"https:\/\/davidetrolton.com\/en\/privacy-policy\/","url":"https:\/\/davidetrolton.com\/en\/privacy-policy\/","name":"Privacy Policy - Davide Trolton - Direttore d&#039;Orchestra","isPartOf":{"@id":"https:\/\/davidetrolton.com\/en\/#website"},"datePublished":"2024-04-15T13:16:38+00:00","dateModified":"2024-06-11T07:12:34+00:00","breadcrumb":{"@id":"https:\/\/davidetrolton.com\/en\/privacy-policy\/#breadcrumb"},"inLanguage":"en-US","potentialAction":[{"@type":"ReadAction","target":["https:\/\/davidetrolton.com\/en\/privacy-policy\/"]}]},{"@type":"BreadcrumbList","@id":"https:\/\/davidetrolton.com\/en\/privacy-policy\/#breadcrumb","itemListElement":[{"@type":"ListItem","position":1,"name":"Home","item":"https:\/\/davidetrolton.com\/en\/"},{"@type":"ListItem","position":2,"name":"Privacy Policy"}]},{"@type":"WebSite","@id":"https:\/\/davidetrolton.com\/en\/#website","url":"https:\/\/davidetrolton.com\/en\/","name":"Davide Trolton - Direttore d&#039;Orchestra","description":"","potentialAction":[{"@type":"SearchAction","target":{"@type":"EntryPoint","urlTemplate":"https:\/\/davidetrolton.com\/en\/?s={search_term_string}"},"query-input":{"@type":"PropertyValueSpecification","valueRequired":true,"valueName":"search_term_string"}}],"inLanguage":"en-US"}]}},"_links":{"self":[{"href":"https:\/\/davidetrolton.com\/en\/wp-json\/wp\/v2\/pages\/217","targetHints":{"allow":["GET"]}}],"collection":[{"href":"https:\/\/davidetrolton.com\/en\/wp-json\/wp\/v2\/pages"}],"about":[{"href":"https:\/\/davidetrolton.com\/en\/wp-json\/wp\/v2\/types\/page"}],"author":[{"embeddable":true,"href":"https:\/\/davidetrolton.com\/en\/wp-json\/wp\/v2\/users\/1"}],"replies":[{"embeddable":true,"href":"https:\/\/davidetrolton.com\/en\/wp-json\/wp\/v2\/comments?post=217"}],"version-history":[{"count":0,"href":"https:\/\/davidetrolton.com\/en\/wp-json\/wp\/v2\/pages\/217\/revisions"}],"wp:attachment":[{"href":"https:\/\/davidetrolton.com\/en\/wp-json\/wp\/v2\/media?parent=217"}],"curies":[{"name":"wp","href":"https:\/\/api.w.org\/{rel}","templated":true}]}}